{"id":93,"date":"2026-02-10T00:42:46","date_gmt":"2026-02-09T23:42:46","guid":{"rendered":"https:\/\/wouley.com\/blog\/?page_id=93"},"modified":"2026-02-10T00:42:46","modified_gmt":"2026-02-09T23:42:46","slug":"bois-padouk","status":"publish","type":"page","link":"https:\/\/wouley.com\/blog\/bois-padouk\/","title":{"rendered":"Bois Padouk"},"content":{"rendered":"\n<div class=\"wp-block-group alignfull is-layout-flow wp-container-core-group-is-layout-f9cb6abc wp-block-group-is-layout-flow\" style=\"margin-top:0;margin-bottom:0\">\n<div class=\"wp-block-columns alignfull is-not-stacked-on-mobile is-layout-flex wp-container-core-columns-is-layout-e154fb6a wp-block-columns-is-layout-flex\" style=\"margin-top:0;margin-bottom:0;padding-top:var(--wp--preset--spacing--40);padding-right:var(--wp--preset--spacing--40);padding-bottom:var(--wp--preset--spacing--80);padding-left:var(--wp--preset--spacing--40)\">\n<div class=\"wp-block-column is-layout-flow wp-block-column-is-layout-flow\" style=\"flex-basis:66.66%\">\n<div class=\"wp-block-group is-vertical is-content-justification-stretch is-layout-flex wp-container-core-group-is-layout-7e003bba wp-block-group-is-layout-flex\">\n<h2 class=\"wp-block-heading has-xx-large-font-size\">\u00ab Nom donn\u00e9 au bois tropical provenant principalement de l\u2019esp\u00e8ce <strong>Pterocarpus soyauxii<\/strong>, de la famille des <strong>Fabac\u00e9es<\/strong>\u00a0\u00bb<\/h2>\n\n\n\n<p class=\"has-x-large-font-size\"><\/p>\n<\/div>\n<\/div>\n\n\n\n<div class=\"wp-block-column is-layout-flow wp-block-column-is-layout-flow\" style=\"flex-basis:12vw\"><\/div>\n\n\n\n<div class=\"wp-block-column is-layout-flow wp-block-column-is-layout-flow\"><\/div>\n<\/div>\n\n\n\n<div class=\"wp-block-columns alignfull is-style-section-2 is-layout-flex wp-container-core-columns-is-layout-d9884270 wp-block-columns-is-layout-flex is-style-section-2--1\" style=\"padding-top:0;padding-bottom:0\">\n<div class=\"wp-block-column is-layout-flow wp-block-column-is-layout-flow\" style=\"flex-basis:50%\">\n<div class=\"wp-block-group is-vertical is-content-justification-stretch is-layout-flex wp-container-core-group-is-layout-098fff0a wp-block-group-is-layout-flex\" style=\"min-height:33vh;padding-top:var(--wp--preset--spacing--50);padding-right:var(--wp--preset--spacing--50);padding-bottom:var(--wp--preset--spacing--50);padding-left:var(--wp--preset--spacing--50)\">\n<p>L\u2019une des caract\u00e9ristiques les plus remarquables du padouk est <strong>sa couleur<\/strong> :<\/p>\n\n\n\n<ul class=\"wp-block-list\">\n<li><strong>\u00c0 l\u2019\u00e9tat frais<\/strong>, le duramen (le c\u0153ur du bois) est d\u2019un <strong>rouge orang\u00e9 vif \u00e0 rouge corail<\/strong>, tr\u00e8s d\u00e9coratif.<\/li>\n\n\n\n<li><strong>Avec le temps et \u00e0 la lumi\u00e8re<\/strong>, la teinte \u00e9volue vers un <strong>brun violac\u00e9 ou brun rouge sombre<\/strong>.<\/li>\n\n\n\n<li>L\u2019aubier p\u00e9riph\u00e9rique est bien distinct, d\u2019une couleur <strong>cr\u00e8me ou jaune p\u00e2le<\/strong>.<\/li>\n<\/ul>\n\n\n\n<p>Cette \u00e9volution naturelle de la couleur peut \u00eatre ralentie si le bois est prot\u00e9g\u00e9 ou fini rapidement apr\u00e8s sciage.<\/p>\n<\/div>\n<\/div>\n\n\n\n<div class=\"wp-block-column is-layout-flow wp-block-column-is-layout-flow\" style=\"flex-basis:50%\">\n<div class=\"wp-block-cover is-light\"><img loading=\"lazy\" decoding=\"async\" width=\"800\" height=\"800\" class=\"wp-block-cover__image-background wp-image-94 size-full\" alt=\"\" src=\"https:\/\/wouley.com\/blog\/wp-content\/uploads\/2026\/02\/padouk.jpg\" data-object-fit=\"cover\" srcset=\"https:\/\/wouley.com\/blog\/wp-content\/uploads\/2026\/02\/padouk.jpg 800w, https:\/\/wouley.com\/blog\/wp-content\/uploads\/2026\/02\/padouk-300x300.jpg 300w, https:\/\/wouley.com\/blog\/wp-content\/uploads\/2026\/02\/padouk-150x150.jpg 150w, https:\/\/wouley.com\/blog\/wp-content\/uploads\/2026\/02\/padouk-768x768.jpg 768w\" sizes=\"auto, (max-width: 800px) 100vw, 800px\" \/><span aria-hidden=\"true\" class=\"wp-block-cover__background has-background-dim-0 has-background-dim\" style=\"background-color:#bd6c58\"><\/span><div class=\"wp-block-cover__inner-container is-layout-flow wp-block-cover-is-layout-flow\">\n<p class=\"has-text-align-center has-large-font-size\"><\/p>\n<\/div><\/div>\n<\/div>\n<\/div>\n<\/div>\n\n\n\n<h3 class=\"wp-block-heading\"><strong>\u00c9b\u00e9nisterie et menuiserie<\/strong><\/h3>\n\n\n\n<p>Le padouk est tr\u00e8s appr\u00e9ci\u00e9 dans la fabrication de :<\/p>\n\n\n\n<ul class=\"wp-block-list\">\n<li><strong>Meubles haut de gamme<\/strong><\/li>\n\n\n\n<li><strong>Parquets et rev\u00eatements de sols<\/strong><\/li>\n\n\n\n<li><strong>Bardages et terrasses ext\u00e9rieures<\/strong><\/li>\n\n\n\n<li><strong>Menuiseries int\u00e9rieures<\/strong><\/li>\n<\/ul>\n\n\n\n<h3 class=\"wp-block-heading\"><strong> Instruments de musique<\/strong><\/h3>\n\n\n\n<p>Gr\u00e2ce \u00e0 sa <strong>stabilit\u00e9<\/strong> et \u00e0 sa r\u00e9sonance int\u00e9ressante, il est utilis\u00e9 dans la fabrication de <strong>instruments acoustiques, xylophones<\/strong> ou <strong>guitares<\/strong>.<\/p>\n\n\n\n<h3 class=\"wp-block-heading\"><strong>Applications traditionnelles<\/strong><\/h3>\n\n\n\n<p>Localement en Afrique, le bois r\u00e9sistant \u00e0 l\u2019eau est utilis\u00e9 pour :<\/p>\n\n\n\n<ul class=\"wp-block-list\">\n<li><strong>Cano\u00ebs<\/strong><\/li>\n\n\n\n<li><strong>Objets taill\u00e9s et sculpt\u00e9s artisanalement<\/strong><\/li>\n\n\n\n<li><strong>Poign\u00e9es d\u2019outils ou accessoires d\u00e9coratifs<\/strong>.<\/li>\n<\/ul>\n\n\n\n<p>Il a aussi \u00e9t\u00e9 historiquement export\u00e9 comme <strong>bois de teinture rouge<\/strong> vers l\u2019Europe au XIX\u1d49 si\u00e8cle pour teindre les tissus, notamment les <em>bandanas<\/em>.<\/p>\n\n\n\n<figure class=\"wp-block-image size-large\"><img loading=\"lazy\" decoding=\"async\" width=\"1024\" height=\"768\" src=\"https:\/\/wouley.com\/blog\/wp-content\/uploads\/2026\/02\/IMG-20251115-WA0108-1-1024x768.jpg\" alt=\"\" class=\"wp-image-96\" srcset=\"https:\/\/wouley.com\/blog\/wp-content\/uploads\/2026\/02\/IMG-20251115-WA0108-1-1024x768.jpg 1024w, https:\/\/wouley.com\/blog\/wp-content\/uploads\/2026\/02\/IMG-20251115-WA0108-1-300x225.jpg 300w, https:\/\/wouley.com\/blog\/wp-content\/uploads\/2026\/02\/IMG-20251115-WA0108-1-768x576.jpg 768w, https:\/\/wouley.com\/blog\/wp-content\/uploads\/2026\/02\/IMG-20251115-WA0108-1.jpg 1080w\" sizes=\"auto, (max-width: 1024px) 100vw, 1024px\" \/><\/figure>\n\n\n\n<p>Le padouk du Cameroun, comme beaucoup d\u2019essences tropicales, est export\u00e9 sous forme de sciages ou de placages dans le commerce international. La demande pour des bois durables et certifi\u00e9s (ex. FSC) est croissante, car elle garantit une exploitation foresti\u00e8re responsable.<\/p>\n\n\n\n<hr class=\"wp-block-separator has-alpha-channel-opacity\"\/>\n\n\n\n<h2 class=\"wp-block-heading\">En r\u00e9sum\u00e9<\/h2>\n\n\n\n<p>Le <strong>padouk du Cameroun<\/strong> est une essence de bois tropical <strong>hautement durable<\/strong>, au <strong>coloris rouge spectaculaire<\/strong>, associant <strong>esth\u00e9tique, robustesse et grande polyvalence<\/strong>. Il offre un excellent mat\u00e9riau pour la menuiserie d\u2019int\u00e9rieur et d\u2019ext\u00e9rieur, l\u2019\u00e9b\u00e9nisterie fine, les instruments de musique ou encore la sculpture.<\/p>\n\n\n\n<figure class=\"wp-block-image size-full\"><img loading=\"lazy\" decoding=\"async\" width=\"1000\" height=\"1000\" src=\"https:\/\/wouley.com\/blog\/wp-content\/uploads\/2026\/02\/LUMIERE-5.gif\" alt=\"\" class=\"wp-image-97\"\/><\/figure>\n","protected":false},"excerpt":{"rendered":"<p>\u00ab Nom donn\u00e9 au bois tropical provenant principalement de l\u2019esp\u00e8ce Pterocarpus soyauxii, de la famille des Fabac\u00e9es\u00a0\u00bb L\u2019une des caract\u00e9ristiques les plus remarquables du padouk est sa couleur : Cette \u00e9volution naturelle de la couleur peut \u00eatre ralentie si le bois est prot\u00e9g\u00e9 ou fini rapidement apr\u00e8s sciage. \u00c9b\u00e9nisterie et menuiserie Le padouk est tr\u00e8s [&hellip;]<\/p>\n","protected":false},"author":1,"featured_media":0,"parent":0,"menu_order":0,"comment_status":"closed","ping_status":"closed","template":"","meta":{"footnotes":""},"class_list":["post-93","page","type-page","status-publish","hentry"],"_links":{"self":[{"href":"https:\/\/wouley.com\/blog\/wp-json\/wp\/v2\/pages\/93","targetHints":{"allow":["GET"]}}],"collection":[{"href":"https:\/\/wouley.com\/blog\/wp-json\/wp\/v2\/pages"}],"about":[{"href":"https:\/\/wouley.com\/blog\/wp-json\/wp\/v2\/types\/page"}],"author":[{"embeddable":true,"href":"https:\/\/wouley.com\/blog\/wp-json\/wp\/v2\/users\/1"}],"replies":[{"embeddable":true,"href":"https:\/\/wouley.com\/blog\/wp-json\/wp\/v2\/comments?post=93"}],"version-history":[{"count":1,"href":"https:\/\/wouley.com\/blog\/wp-json\/wp\/v2\/pages\/93\/revisions"}],"predecessor-version":[{"id":98,"href":"https:\/\/wouley.com\/blog\/wp-json\/wp\/v2\/pages\/93\/revisions\/98"}],"wp:attachment":[{"href":"https:\/\/wouley.com\/blog\/wp-json\/wp\/v2\/media?parent=93"}],"curies":[{"name":"wp","href":"https:\/\/api.w.org\/{rel}","templated":true}]}}